{"id":1181,"date":"2016-01-23T13:09:06","date_gmt":"2016-01-23T15:09:06","guid":{"rendered":"http:\/\/alexandrefrangioni.com.br\/home\/"},"modified":"2024-06-24T17:46:46","modified_gmt":"2024-06-24T20:46:46","slug":"home-2","status":"publish","type":"page","link":"https:\/\/alexandrefrangioni.com.br\/en\/","title":{"rendered":"Home"},"content":{"rendered":"<p style=\"text-align: center;\">\n<div class=\"fusion-slider-revolution rev_slider_wrapper\">\t\t\t<!-- START home3 REVOLUTION SLIDER 6.7.34 --><p class=\"rs-p-wp-fix\"><\/p>\n\t\t\t<rs-module-wrap id=\"rev_slider_16_1_wrapper\" data-source=\"gallery\" style=\"visibility:hidden;background:transparent;padding:40px;margin:0px auto;margin-top:0;margin-bottom:0;\">\n\t\t\t\t<rs-module id=\"rev_slider_16_1\" style=\"\" data-version=\"6.7.34\">\n\t\t\t\t\t<rs-slides style=\"overflow: hidden; position: absolute;\">\n\t\t\t\t\t\t<rs-slide style=\"position: absolute;\" data-key=\"rs-68\" data-title=\"\u00caxodo - Na mira IV\" data-thumb=\"\/\/alexandrefrangioni.com.br\/wp-content\/uploads\/1201-E\u0302xodo-II-Na-Mira-IV-2-100x50.jpg\" data-in=\"o:0;\" data-out=\"a:false;\">\n\t\t\t\t\t\t\t<img decoding=\"async\" src=\"\/\/alexandrefrangioni.com.br\/wp-content\/plugins\/revslider\/sr6\/assets\/assets\/dummy.png\" alt=\"\" title=\"1201 E\u0302xodo II &#8211; Na Mira IV (2)\" width=\"1200\" height=\"803\" class=\"rev-slidebg tp-rs-img rs-lazyload\" data-lazyload=\"\/\/alexandrefrangioni.com.br\/wp-content\/uploads\/1201-E\u0302xodo-II-Na-Mira-IV-2.jpg\" data-bg=\"f:contain;\" data-no-retina>\n<!---->\t\t\t\t\t<\/rs-slide>\n\t\t\t\t\t\t<rs-slide style=\"position: absolute;\" data-key=\"rs-69\" data-title=\"\u00caxodo II Stairway to heaven\" data-thumb=\"\/\/alexandrefrangioni.com.br\/wp-content\/uploads\/2021-Exodo-II-Stairways-to-heaven-bx-1a-100x50.jpg\" data-in=\"o:0;\" data-out=\"a:false;\">\n\t\t\t\t\t\t\t<img decoding=\"async\" src=\"\/\/alexandrefrangioni.com.br\/wp-content\/plugins\/revslider\/sr6\/assets\/assets\/dummy.png\" alt=\"\" title=\"\u00caxodo II &#8211; Stairway to Heaven\" width=\"1200\" height=\"800\" class=\"rev-slidebg tp-rs-img rs-lazyload\" data-lazyload=\"\/\/alexandrefrangioni.com.br\/wp-content\/uploads\/2021-Exodo-II-Stairways-to-heaven-bx-1a.jpg\" data-bg=\"p:center bottom;f:contain;\" data-no-retina>\n<!---->\t\t\t\t\t<\/rs-slide>\n\t\t\t\t\t\t<rs-slide style=\"position: absolute;\" data-key=\"rs-70\" data-title=\"Cocar Agro \u00c9 pop\" data-thumb=\"\/\/alexandrefrangioni.com.br\/wp-content\/uploads\/2022-Cocar-Agro-e-Pop-2a-a-100x50.jpg\" data-in=\"o:0;\" data-out=\"a:false;\">\n\t\t\t\t\t\t\t<img decoding=\"async\" src=\"\/\/alexandrefrangioni.com.br\/wp-content\/plugins\/revslider\/sr6\/assets\/assets\/dummy.png\" alt=\"\" title=\"Cocar &#8211; Agro \u00e9 Pop\" width=\"798\" height=\"1200\" class=\"rev-slidebg tp-rs-img rs-lazyload\" data-lazyload=\"\/\/alexandrefrangioni.com.br\/wp-content\/uploads\/2022-Cocar-Agro-e-Pop-2a-a.jpg\" data-bg=\"f:contain;\" data-no-retina>\n<!---->\t\t\t\t\t<\/rs-slide>\n\t\t\t\t\t\t<rs-slide style=\"position: absolute;\" data-key=\"rs-71\" data-title=\"made in China - Multiple Cokes\" data-thumb=\"\/\/alexandrefrangioni.com.br\/wp-content\/uploads\/1217-Made-in-China-Multiple-Cokes-5-100x50.jpg\" data-in=\"o:0;\" data-out=\"a:false;\">\n\t\t\t\t\t\t\t<img decoding=\"async\" src=\"\/\/alexandrefrangioni.com.br\/wp-content\/plugins\/revslider\/sr6\/assets\/assets\/dummy.png\" alt=\"\" title=\"1217 &#8211; Made in China &#8211; Multiple Cokes (5)\" width=\"928\" height=\"925\" class=\"rev-slidebg tp-rs-img rs-lazyload\" data-lazyload=\"\/\/alexandrefrangioni.com.br\/wp-content\/uploads\/1217-Made-in-China-Multiple-Cokes-5.jpg\" data-bg=\"f:contain;\" data-no-retina>\n<!---->\t\t\t\t\t<\/rs-slide>\n\t\t\t\t\t\t<rs-slide style=\"position: absolute;\" data-key=\"rs-72\" data-title=\"Utopia\" data-thumb=\"\/\/alexandrefrangioni.com.br\/wp-content\/uploads\/2020-Utopia-1-100x50.jpg\" data-in=\"o:0;\" data-out=\"a:false;\">\n\t\t\t\t\t\t\t<img decoding=\"async\" src=\"\/\/alexandrefrangioni.com.br\/wp-content\/plugins\/revslider\/sr6\/assets\/assets\/dummy.png\" alt=\"\" title=\"Utopia\" width=\"1000\" height=\"667\" class=\"rev-slidebg tp-rs-img rs-lazyload\" data-lazyload=\"\/\/alexandrefrangioni.com.br\/wp-content\/uploads\/2020-Utopia-1.jpg\" data-bg=\"f:contain;\" data-no-retina>\n<!---->\t\t\t\t\t<\/rs-slide>\n\t\t\t\t\t\t<rs-slide style=\"position: absolute;\" data-key=\"rs-73\" data-title=\"Bandeira do Brasil II\" data-thumb=\"\/\/alexandrefrangioni.com.br\/wp-content\/uploads\/2020-Bandeira-Brasil-II-9-100x50.jpg\" data-in=\"o:0;\" data-out=\"a:false;\">\n\t\t\t\t\t\t\t<img decoding=\"async\" src=\"\/\/alexandrefrangioni.com.br\/wp-content\/plugins\/revslider\/sr6\/assets\/assets\/dummy.png\" alt=\"\" title=\"Bandeira Brasil II\" width=\"710\" height=\"515\" class=\"rev-slidebg tp-rs-img rs-lazyload\" data-lazyload=\"\/\/alexandrefrangioni.com.br\/wp-content\/uploads\/2020-Bandeira-Brasil-II-9.jpg\" data-bg=\"f:contain;\" data-no-retina>\n<!---->\t\t\t\t\t<\/rs-slide>\n\t\t\t\t\t\t<rs-slide style=\"position: absolute;\" data-key=\"rs-74\" data-title=\"Emerg\u00eancia - Acr\u00edlico f\u00f3sforos\" data-thumb=\"\/\/alexandrefrangioni.com.br\/wp-content\/uploads\/2021-Emergencia-XV-Acrilico-fosforos-bx-7a-100x50.jpg\" data-in=\"o:0;\" data-out=\"a:false;\">\n\t\t\t\t\t\t\t<img decoding=\"async\" src=\"\/\/alexandrefrangioni.com.br\/wp-content\/plugins\/revslider\/sr6\/assets\/assets\/dummy.png\" alt=\"\" title=\"Emerg\u00eancia XV &#8211; Acr\u00edlico f\u00f3sforos\" width=\"1200\" height=\"1195\" class=\"rev-slidebg tp-rs-img rs-lazyload\" data-lazyload=\"\/\/alexandrefrangioni.com.br\/wp-content\/uploads\/2021-Emergencia-XV-Acrilico-fosforos-bx-7a.jpg\" data-bg=\"f:contain;\" data-no-retina>\n<!---->\t\t\t\t\t<\/rs-slide>\n\t\t\t\t\t\t<rs-slide style=\"position: absolute;\" data-key=\"rs-75\" data-title=\"Congresso Nacional 2015\/18\" data-thumb=\"\/\/alexandrefrangioni.com.br\/wp-content\/uploads\/C.Nacional-2014-100x50.jpg\" data-in=\"o:0;\" data-out=\"a:false;\">\n\t\t\t\t\t\t\t<img decoding=\"async\" src=\"\/\/alexandrefrangioni.com.br\/wp-content\/plugins\/revslider\/sr6\/assets\/assets\/dummy.png\" alt=\"\" title=\"Congresso Nacional 2015\/18\" width=\"1045\" height=\"1200\" class=\"rev-slidebg tp-rs-img rs-lazyload\" data-lazyload=\"\/\/alexandrefrangioni.com.br\/wp-content\/uploads\/C.Nacional-2014.jpg\" data-bg=\"f:contain;\" data-no-retina>\n<!---->\t\t\t\t\t<\/rs-slide>\n\t\t\t\t\t\t<rs-slide style=\"position: absolute;\" data-key=\"rs-76\" data-title=\"Cofre 606 Pi\u00e3o vermelho\" data-thumb=\"\/\/alexandrefrangioni.com.br\/wp-content\/uploads\/2018-Cofre-606-Piao-Colorido-2b-1-100x50.jpg\" data-in=\"o:0;\" data-out=\"a:false;\">\n\t\t\t\t\t\t\t<img decoding=\"async\" src=\"\/\/alexandrefrangioni.com.br\/wp-content\/plugins\/revslider\/sr6\/assets\/assets\/dummy.png\" alt=\"\" title=\"2018 Cofre # 606 Pi\u00e3o Colorido 2b\" width=\"1200\" height=\"943\" class=\"rev-slidebg tp-rs-img rs-lazyload\" data-lazyload=\"\/\/alexandrefrangioni.com.br\/wp-content\/uploads\/2018-Cofre-606-Piao-Colorido-2b-1.jpg\" data-bg=\"f:contain;\" data-no-retina>\n<!---->\t\t\t\t\t<\/rs-slide>\n\t\t\t\t\t<\/rs-slides>\n\t\t\t\t<\/rs-module>\n\t\t\t\t<script>\n\t\t\t\t\tsetREVStartSize({c: 'rev_slider_16_1',rl:[1240,1024,1024,1024],el:[600,600,600,600],gw:[1240,1024,1024,1024],gh:[600,600,600,600],type:'standard',justify:'',layout:'fullwidth',mh:\"0\"});if (window.RS_MODULES!==undefined && window.RS_MODULES.modules!==undefined && window.RS_MODULES.modules[\"revslider161\"]!==undefined) {window.RS_MODULES.modules[\"revslider161\"].once = false;window.revapi16 = undefined;if (window.RS_MODULES.checkMinimal!==undefined) window.RS_MODULES.checkMinimal()}\n\t\t\t\t<\/script>\n\t\t\t<\/rs-module-wrap>\n\t\t\t<!-- END REVOLUTION SLIDER -->\n<\/div><\/p>\n","protected":false},"excerpt":{"rendered":"","protected":false},"author":96,"featured_media":0,"parent":0,"menu_order":0,"comment_status":"closed","ping_status":"closed","template":"","meta":{"footnotes":""},"class_list":["post-1181","page","type-page","status-publish","hentry"],"_links":{"self":[{"href":"https:\/\/alexandrefrangioni.com.br\/en\/wp-json\/wp\/v2\/pages\/1181","targetHints":{"allow":["GET"]}}],"collection":[{"href":"https:\/\/alexandrefrangioni.com.br\/en\/wp-json\/wp\/v2\/pages"}],"about":[{"href":"https:\/\/alexandrefrangioni.com.br\/en\/wp-json\/wp\/v2\/types\/page"}],"author":[{"embeddable":true,"href":"https:\/\/alexandrefrangioni.com.br\/en\/wp-json\/wp\/v2\/users\/96"}],"replies":[{"embeddable":true,"href":"https:\/\/alexandrefrangioni.com.br\/en\/wp-json\/wp\/v2\/comments?post=1181"}],"version-history":[{"count":11,"href":"https:\/\/alexandrefrangioni.com.br\/en\/wp-json\/wp\/v2\/pages\/1181\/revisions"}],"predecessor-version":[{"id":6301,"href":"https:\/\/alexandrefrangioni.com.br\/en\/wp-json\/wp\/v2\/pages\/1181\/revisions\/6301"}],"wp:attachment":[{"href":"https:\/\/alexandrefrangioni.com.br\/en\/wp-json\/wp\/v2\/media?parent=1181"}],"curies":[{"name":"wp","href":"https:\/\/api.w.org\/{rel}","templated":true}]}}