{"id":1921,"date":"2019-08-10T19:21:21","date_gmt":"2019-08-10T22:21:21","guid":{"rendered":"https:\/\/alexandrefrangioni.com.br\/?page_id=1921"},"modified":"2026-01-28T12:01:44","modified_gmt":"2026-01-28T15:01:44","slug":"biography","status":"publish","type":"page","link":"https:\/\/alexandrefrangioni.com.br\/en\/biography\/","title":{"rendered":"Biography"},"content":{"rendered":"<div class=\"fusion-fullwidth fullwidth-box fusion-builder-row-1 nonhundred-percent-fullwidth non-hundred-percent-height-scrolling\" style=\"--awb-border-radius-top-left:0px;--awb-border-radius-top-right:0px;--awb-border-radius-bottom-right:0px;--awb-border-radius-bottom-left:0px;--awb-flex-wrap:wrap;\" ><div class=\"fusion-builder-row fusion-row\"><div class=\"fusion-layout-column fusion_builder_column fusion-builder-column-0 fusion_builder_column_1_3 1_3 fusion-one-third fusion-column-first\" style=\"--awb-bg-size:cover;width:33.333333333333%;width:calc(33.333333333333% - ( ( 4% ) * 0.33333333333333 ) );margin-right: 4%;\"><div class=\"fusion-column-wrapper fusion-column-has-shadow fusion-flex-column-wrapper-legacy\"><div class=\"fusion-image-element fusion-image-align-center in-legacy-container\" style=\"text-align:center;--awb-caption-title-font-family:var(--h2_typography-font-family);--awb-caption-title-font-weight:var(--h2_typography-font-weight);--awb-caption-title-font-style:var(--h2_typography-font-style);--awb-caption-title-size:var(--h2_typography-font-size);--awb-caption-title-transform:var(--h2_typography-text-transform);--awb-caption-title-line-height:var(--h2_typography-line-height);--awb-caption-title-letter-spacing:var(--h2_typography-letter-spacing);\"><div class=\"imageframe-align-center\"><span class=\" fusion-imageframe imageframe-dropshadow imageframe-1 hover-type-none\" style=\"-webkit-box-shadow: 3px 3px 7px rgba(0,0,0,0.3);box-shadow: 3px 3px 7px rgba(0,0,0,0.3);\"><img decoding=\"async\" width=\"1000\" height=\"1333\" alt=\"Alexandre Frangioni\" title=\"Alexandre-Frangioni\" src=\"https:\/\/alexandrefrangioni.com.br\/wp-content\/uploads\/Alexandre-Frangioni.jpg\" class=\"img-responsive wp-image-4391\" srcset=\"https:\/\/alexandrefrangioni.com.br\/wp-content\/uploads\/Alexandre-Frangioni-200x267.jpg 200w, https:\/\/alexandrefrangioni.com.br\/wp-content\/uploads\/Alexandre-Frangioni-400x533.jpg 400w, https:\/\/alexandrefrangioni.com.br\/wp-content\/uploads\/Alexandre-Frangioni-600x800.jpg 600w, https:\/\/alexandrefrangioni.com.br\/wp-content\/uploads\/Alexandre-Frangioni-800x1066.jpg 800w, https:\/\/alexandrefrangioni.com.br\/wp-content\/uploads\/Alexandre-Frangioni.jpg 1000w\" sizes=\"(max-width: 800px) 100vw, 1000px\" \/><\/span><\/div><\/div><div class=\"fusion-clearfix\"><\/div><\/div><\/div><div class=\"fusion-layout-column fusion_builder_column fusion-builder-column-1 fusion_builder_column_2_3 2_3 fusion-two-third fusion-column-last\" style=\"--awb-bg-size:cover;--awb-margin-bottom:0px;width:66.666666666667%;width:calc(66.666666666667% - ( ( 4% ) * 0.66666666666667 ) );\"><div class=\"fusion-column-wrapper fusion-flex-column-wrapper-legacy\"><div class=\"fusion-text fusion-text-1\"><p>Alexandre Frangioni<br \/>\nS\u00e3o Paulo, 1967<\/p>\n<p>Born in S\u00e3o Paulo, Alexandre Frangioni is graduated in Engineering at Mackenzie Presbyterian University, in 1989. In 2005, he began his career as an artist, producing works in a variety of medias, such as painting, photography, sculpture and installation. Since then, his works has featured in solo and group exhibitions in different venues in Brazil and abroad. Currently, his production is executed in his studio, based in Sao Paulo city.<\/p>\n<h2>Education<\/h2>\n<ul>\n<li>1989 Graduated Engineer by the Universidade Presbiteriana Mackenzie.<\/li>\n<li>2005 to present &#8211; Project orientation, guided by the artist Jo\u00e3o Carlos de Souza.<\/li>\n<\/ul>\n<h2>Solo Exhibitions<\/h2>\n<p><strong>2026\u00a0 \u00a0 \u00a0<\/strong><\/p>\n<ul>\n<li>Exhibition &#8220;Levarei Saudades da Aurora&#8221;, Espa\u00e7o Cultural BRDE &#8211; Palacete dos Le\u00f5es, Curitiba, PR<\/li>\n<\/ul>\n<p><strong>2023\u00a0 \u00a0 \u00a0<\/strong><\/p>\n<ul>\n<li>Exhibition \u201cExodus in NY\u201d, Brooklyn, NY \u2013 USA<\/li>\n<li>Exhibition \u201cC\u00f3pia Fiel\u201d, Galeria Babel, S\u00e3o Paulo, SP<\/li>\n<li>Exhibition \u201cBrasil Imp\u00e9rio\u201d, Pinacoteca de S\u00e3o Bernardo do Campo, SP<\/li>\n<\/ul>\n<p><strong>2021\u00a0 \u00a0 \u00a0<\/strong><\/p>\n<ul>\n<li>Exhibition &#8220;Dois tempos, um mesmo olhar&#8221; &#8211; Museu Casa Alfredo Andersen, Curitiba, PR<\/li>\n<\/ul>\n<p><strong>2019<\/strong><\/p>\n<ul>\n<li>Exhibition &#8220;Exodus&#8221;, Tribeca, NY &#8211; USA.<\/li>\n<\/ul>\n<p><strong>2018<\/strong><\/p>\n<ul>\n<li>Exhibition \u201cC\u00f3digos\u201d &#8211; Casa do Olhar Luiz Sacilotto, Santo Andr\u00e9 SP<\/li>\n<\/ul>\n<p><strong>2016<\/strong><\/p>\n<ul>\n<li>Exhibition \u201cMoedas\u201d &#8211; Museu de Arte Contempor\u00e2nea de Jata\u00ed, GO<\/li>\n<li>Exhibition \u201cMoedas\u201d &#8211; Museu de Arte Contempor\u00e2nea MARCO de Campo Grande, MS<\/li>\n<\/ul>\n<p><strong>2015<\/strong><\/p>\n<ul>\n<li>Exhibition &#8220;Moedas&#8221;- Museu de Arte Contempor\u00e2nea de Blumenau SC<\/li>\n<\/ul>\n<p><strong>2011<\/strong><\/p>\n<ul>\n<li>Exhibition &#8220;Rela\u00e7\u00f5es&#8221;- Emia Galeria, S\u00e3o Paulo SP<\/li>\n<\/ul>\n<h2>Groupe Exhibitions<\/h2>\n<p><strong>2025\u00a0 \u00a0 \u00a0<\/strong><\/p>\n<ul>\n<li>Exhibition \u201cAnima, animalis, vegetabilis\u201d, Casa Contempor\u00e2nea, S\u00e3o Paulo, SP<\/li>\n<\/ul>\n<p><strong>2024\u00a0 \u00a0 \u00a0<\/strong><\/p>\n<ul>\n<li>Exhibition \u201cCama de Gato\u201d, Hermes Artes Visuais, S\u00e3o Paulo, SP<\/li>\n<\/ul>\n<p><strong>2022<\/strong><\/p>\n<ul>\n<li>Exhibition &#8220;Temporada de Exposi\u00e7\u00f5es 2022&#8221;, 19a Edition &#8211; Museu de Arte de Ribeir\u00e3o Preto (MARP), Ribeir\u00e3o Preto, SP<\/li>\n<\/ul>\n<p><strong>2021<\/strong><\/p>\n<ul>\n<li>Exhibition\u201cPo\u00e9ticas Plurais\u201d \u2013 Galeria Zilda Fraletti, Curitiba, PR<\/li>\n<\/ul>\n<p><strong>2020<\/strong><\/p>\n<ul>\n<li>V\u00eddeo \u201c\u00caxodo\u201d \u2013 (Award) Pr\u00eamio Funarte RespirArte &#8211; Funda\u00e7\u00e3o Nacional de Arte, Brasil<\/li>\n<\/ul>\n<p><strong>2019<\/strong><\/p>\n<ul>\n<li>Exhibition \u201cTransit\u00f3rio\u201d &#8211; Galerie Br\u00e9sil, S\u00e3o Paulo SP<\/li>\n<li>16\u00ba Sal\u00e3o Ubatuba de Artes Visuais, Ubatuba SP<\/li>\n<li>Exhibition &#8220;I Mostra di Vida com Arte&#8221;, S\u00e3o Paulo SP<\/li>\n<li><\/li>\n<\/ul>\n<p><strong>2018<\/strong><\/p>\n<ul>\n<li>Exhibition \u201cMem\u00f3ria e Engajamento\u201d &#8211; Galerie Br\u00e9sil, S\u00e3o Paulo SP<\/li>\n<li>Exhibition \u201c3D\u201d \u2013 Pinacoteca Municipal de S\u00e3o Caetano do Sul, S\u00e3o Caetano do Sul SP<\/li>\n<li>Exhibition \u00efMaterial\u201d &#8211; Museu de Arte de Goi\u00e2nia, Goi\u00e2nia GO<\/li>\n<li>Inaugural Exhibition of Instituto AMO, S\u00e3o Paulo SP<\/li>\n<\/ul>\n<p><strong>2017 <\/strong><\/p>\n<ul>\n<li>Exhibition \u201cCurto Circuito de Artes\u201d, Casar\u00e3o da Cultura de Rio Claro, Rio Claro SP<\/li>\n<li>Temporada de Exposi\u00e7\u00f5es 2017- MARP, Museu de Arte de Ribeir\u00e3o Preto, Ribeir\u00e3o Preto SP<\/li>\n<li>\u201co desejo do Outro\u201d \u2013 Espa\u00e7o Ophicina, S\u00e3o Paulo SP<\/li>\n<li>Exhibition \u201cBrazil Generations\u201d \u2013 Pinacoteca Benedito Calixto, Santos SP<\/li>\n<\/ul>\n<p><strong>2016<\/strong><\/p>\n<ul>\n<li>Exhibition \u201c#PreLoca\u00e7\u00e3o Av. Europa 614\u201d \u2013 S\u00e3o Paulo SP<\/li>\n<\/ul>\n<p><strong>2007 &#8211; 2015<\/strong><\/p>\n<ul>\n<li>13<sup>o<\/sup> Sal\u00e3o de Arte de Jata\u00ed \u2013 Jata\u00ed GO<\/li>\n<li>60<sup>o<\/sup> Sal\u00e3o de Abril &#8211; Fortaleza CE<\/li>\n<li>41<sup>o<\/sup> Sal\u00e3o de Arte Contempor\u00e2nea de Piracicaba, SP<\/li>\n<li>39<sup>o<\/sup> Sal\u00e3o de Arte Contempor\u00e2nea de Piracicaba, SP<\/li>\n<\/ul>\n<h2>Art Fairs<\/h2>\n<p><strong>2021<\/strong><\/p>\n<ul>\n<li>SP Arte 365, Viewing Room (Zilda Fraletti Gallery), online<\/li>\n<li>SP Arte, Viewing Room (S\u00e9rgio Gon\u00e7alves Gallery), online<\/li>\n<\/ul>\n<p><strong>2020<\/strong><\/p>\n<ul>\n<li>Art Wynwood Fair (South Art Dealer in alliance with Galerie Br\u00e9sil), Miami, USA.<\/li>\n<\/ul>\n<p><strong>2019<\/strong><\/p>\n<ul>\n<li>Context Art Fair, Miami USA<\/li>\n<li>Art NY 2019, New York USA<\/li>\n<\/ul>\n<p><strong>2018<\/strong><\/p>\n<ul>\n<li>Scope Art Fair, Miami USA.<\/li>\n<li>PARTE Art Fair \u2013 Hebraica Edition, S\u00e3o Paulo SP<\/li>\n<li>Scope Art Fair, New York USA<\/li>\n<\/ul>\n<p><strong>2017 <\/strong><\/p>\n<ul>\n<li>Pinta, Miami USA<\/li>\n<li>Scope Art Fair, Miami USA<\/li>\n<li>PARTE &#8211; Hebraica Edition, S\u00e3o Paulo SP<\/li>\n<li>BA Photo, Buenos Aires, Argentina<\/li>\n<li>P.AR.C\u201917, Lima, Peru<\/li>\n<\/ul>\n<p><strong>2016<\/strong><\/p>\n<ul>\n<li>Pinta Art Fair, Miami EUA<\/li>\n<li>PARTE Art Fair- Hebraica Edition, S\u00e3o Paulo SP<\/li>\n<li>PARTE Art Fair &#8211; Cidade Jardim Edition, S\u00e3o Paulo SP<\/li>\n<\/ul>\n<p><strong>2008 &#8211; 2019<\/strong><\/p>\n<ul>\n<li>47<sup>o<\/sup> Chapel Art Show, S\u00e3o Paulo SP<\/li>\n<li>46<sup>o<\/sup> Chapel Art Show, S\u00e3o Paulo SP<\/li>\n<li>45<sup>o<\/sup> Chapel Art Show, S\u00e3o Paulo SP<\/li>\n<li>43<sup>o<\/sup> Chapel Art Show, S\u00e3o Paulo SP<\/li>\n<li>42<sup>o<\/sup> Chapel Art Show, S\u00e3o Paulo SP<\/li>\n<li>40<sup>o<\/sup> Chapel Art Show, S\u00e3o Paulo SP<\/li>\n<li>39<sup>o<\/sup> Chapel Art Show, S\u00e3o Paulo SP<\/li>\n<\/ul>\n<h2>Awards<\/h2>\n<p><strong>2020<\/strong><\/p>\n<p>\u201c\u00caXODO\u201d <a href=\"https:\/\/youtu.be\/K_6QW_X7lhs\" target=\"_blank\" rel=\"noopener\">Video<\/a>, Pr\u00eamio Funarte RespirArte \u2013 Funda\u00e7\u00e3o Nacional de Arte, Brazil.<\/p>\n<p><strong>2009<\/strong><\/p>\n<ul>\n<li>41<sup>o<\/sup> Sal\u00e3o de Arte Contempor\u00e2nea de Piracicaba, SP<\/li>\n<\/ul>\n<h2>Collections<\/h2>\n<ul>\n<li>\n<div><span lang=\"PT-BR\">Pinacoteca de S\u00e3o Bernardo do Campo&#8217;s collection (S\u00e3o Paulo, Brazil)<\/span><\/div>\n<\/li>\n<li>UNESPAR &#8211; Escola de M\u00fasica e Belas Artes do Paran\u00e1<span lang=\"PT-BR\">&#8216;s collection (Paran\u00e1, Brazil)<\/span><\/li>\n<li>AAL \u2013 Arte Al Limite&#8217;s collection (Chile)<\/li>\n<li>Renata de Paula David&#8217;s personal collection (S\u00e3o Paulo, Brazil)<\/li>\n<li>Museu Casa Alfredo Andersen<span lang=\"PT-BR\">&#8216;s collection (Paran\u00e1, Brazil)<\/span><\/li>\n<li>Museu de Arte Contempor\u00e2nea de Campo Grande MARCO<span lang=\"PT-BR\">&#8216;s collection (Mato Grosso do Sul, Brazil)<\/span><\/li>\n<li>Chapel Art<span lang=\"PT-BR\">&#8216;s collection (S\u00e3o Paulo, Brazil)<\/span><\/li>\n<\/ul>\n<\/div><div class=\"fusion-clearfix\"><\/div><\/div><\/div><div class=\"fusion-layout-column fusion_builder_column fusion-builder-column-2 fusion_builder_column_1_3 1_3 fusion-one-third fusion-column-first\" style=\"--awb-bg-size:cover;width:33.333333333333%;width:calc(33.333333333333% - ( ( 4% ) * 0.33333333333333 ) );margin-right: 4%;\"><div class=\"fusion-column-wrapper fusion-column-has-shadow fusion-flex-column-wrapper-legacy\"><div class=\"fusion-clearfix\"><\/div><\/div><\/div><\/div><\/div>\n","protected":false},"excerpt":{"rendered":"","protected":false},"author":96,"featured_media":0,"parent":0,"menu_order":0,"comment_status":"closed","ping_status":"closed","template":"","meta":{"footnotes":""},"class_list":["post-1921","page","type-page","status-publish","hentry"],"_links":{"self":[{"href":"https:\/\/alexandrefrangioni.com.br\/en\/wp-json\/wp\/v2\/pages\/1921","targetHints":{"allow":["GET"]}}],"collection":[{"href":"https:\/\/alexandrefrangioni.com.br\/en\/wp-json\/wp\/v2\/pages"}],"about":[{"href":"https:\/\/alexandrefrangioni.com.br\/en\/wp-json\/wp\/v2\/types\/page"}],"author":[{"embeddable":true,"href":"https:\/\/alexandrefrangioni.com.br\/en\/wp-json\/wp\/v2\/users\/96"}],"replies":[{"embeddable":true,"href":"https:\/\/alexandrefrangioni.com.br\/en\/wp-json\/wp\/v2\/comments?post=1921"}],"version-history":[{"count":23,"href":"https:\/\/alexandrefrangioni.com.br\/en\/wp-json\/wp\/v2\/pages\/1921\/revisions"}],"predecessor-version":[{"id":6646,"href":"https:\/\/alexandrefrangioni.com.br\/en\/wp-json\/wp\/v2\/pages\/1921\/revisions\/6646"}],"wp:attachment":[{"href":"https:\/\/alexandrefrangioni.com.br\/en\/wp-json\/wp\/v2\/media?parent=1921"}],"curies":[{"name":"wp","href":"https:\/\/api.w.org\/{rel}","templated":true}]}}