{"id":2493,"date":"2019-08-14T18:42:21","date_gmt":"2019-08-14T21:42:21","guid":{"rendered":"https:\/\/alexandrefrangioni.com.br\/?page_id=2493"},"modified":"2019-08-19T17:52:40","modified_gmt":"2019-08-19T20:52:40","slug":"exodo-mac-jatai-en","status":"publish","type":"page","link":"https:\/\/alexandrefrangioni.com.br\/en\/artworks\/site-specific\/exodo-mac-jatai-en\/","title":{"rendered":"\u00caxodo MAC Jata\u00ed (Exodus MAC Jata\u00ed)"},"content":{"rendered":"<p><a href=\"https:\/\/alexandrefrangioni.com.br\/wp-content\/uploads\/Exodo-Mac-Jatai-1-3.jpg\"><img decoding=\"async\" class=\"aligncenter size-600 wp-image-2600\" src=\"https:\/\/alexandrefrangioni.com.br\/wp-content\/uploads\/\/Exodo-Mac-Jatai-1-3-600x450.jpg\" alt=\"\" width=\"600\" height=\"450\" srcset=\"https:\/\/alexandrefrangioni.com.br\/wp-content\/uploads\/Exodo-Mac-Jatai-1-3-200x150.jpg 200w, https:\/\/alexandrefrangioni.com.br\/wp-content\/uploads\/Exodo-Mac-Jatai-1-3-400x300.jpg 400w, https:\/\/alexandrefrangioni.com.br\/wp-content\/uploads\/Exodo-Mac-Jatai-1-3-600x450.jpg 600w, https:\/\/alexandrefrangioni.com.br\/wp-content\/uploads\/Exodo-Mac-Jatai-1-3-768x576.jpg 768w, https:\/\/alexandrefrangioni.com.br\/wp-content\/uploads\/Exodo-Mac-Jatai-1-3.jpg 800w\" sizes=\"(max-width: 600px) 100vw, 600px\" \/><\/a><\/p>\n<p>&nbsp;<\/p>\n<p><a href=\"https:\/\/alexandrefrangioni.com.br\/wp-content\/uploads\/Exodo-Mac-Jatai-2-2.jpg\"><img decoding=\"async\" class=\"aligncenter size-600 wp-image-2602\" src=\"https:\/\/alexandrefrangioni.com.br\/wp-content\/uploads\/\/Exodo-Mac-Jatai-2-2-600x450.jpg\" alt=\"\" width=\"600\" height=\"450\" srcset=\"https:\/\/alexandrefrangioni.com.br\/wp-content\/uploads\/Exodo-Mac-Jatai-2-2-200x150.jpg 200w, https:\/\/alexandrefrangioni.com.br\/wp-content\/uploads\/Exodo-Mac-Jatai-2-2-400x300.jpg 400w, https:\/\/alexandrefrangioni.com.br\/wp-content\/uploads\/Exodo-Mac-Jatai-2-2-600x450.jpg 600w, https:\/\/alexandrefrangioni.com.br\/wp-content\/uploads\/Exodo-Mac-Jatai-2-2-768x576.jpg 768w, https:\/\/alexandrefrangioni.com.br\/wp-content\/uploads\/Exodo-Mac-Jatai-2-2.jpg 800w\" sizes=\"(max-width: 600px) 100vw, 600px\" \/><\/a><\/p>\n","protected":false},"excerpt":{"rendered":"<p>&nbsp;<\/p>\n","protected":false},"author":98,"featured_media":0,"parent":1941,"menu_order":0,"comment_status":"closed","ping_status":"closed","template":"","meta":{"footnotes":""},"class_list":["post-2493","page","type-page","status-publish","hentry"],"_links":{"self":[{"href":"https:\/\/alexandrefrangioni.com.br\/en\/wp-json\/wp\/v2\/pages\/2493","targetHints":{"allow":["GET"]}}],"collection":[{"href":"https:\/\/alexandrefrangioni.com.br\/en\/wp-json\/wp\/v2\/pages"}],"about":[{"href":"https:\/\/alexandrefrangioni.com.br\/en\/wp-json\/wp\/v2\/types\/page"}],"author":[{"embeddable":true,"href":"https:\/\/alexandrefrangioni.com.br\/en\/wp-json\/wp\/v2\/users\/98"}],"replies":[{"embeddable":true,"href":"https:\/\/alexandrefrangioni.com.br\/en\/wp-json\/wp\/v2\/comments?post=2493"}],"version-history":[{"count":5,"href":"https:\/\/alexandrefrangioni.com.br\/en\/wp-json\/wp\/v2\/pages\/2493\/revisions"}],"predecessor-version":[{"id":2605,"href":"https:\/\/alexandrefrangioni.com.br\/en\/wp-json\/wp\/v2\/pages\/2493\/revisions\/2605"}],"up":[{"embeddable":true,"href":"https:\/\/alexandrefrangioni.com.br\/en\/wp-json\/wp\/v2\/pages\/1941"}],"wp:attachment":[{"href":"https:\/\/alexandrefrangioni.com.br\/en\/wp-json\/wp\/v2\/media?parent=2493"}],"curies":[{"name":"wp","href":"https:\/\/api.w.org\/{rel}","templated":true}]}}