{"id":2507,"date":"2019-08-14T18:50:27","date_gmt":"2019-08-14T21:50:27","guid":{"rendered":"https:\/\/alexandrefrangioni.com.br\/?page_id=2507"},"modified":"2020-09-04T12:34:31","modified_gmt":"2020-09-04T15:34:31","slug":"exodo-prelocacao-en","status":"publish","type":"page","link":"https:\/\/alexandrefrangioni.com.br\/en\/artworks\/site-specific\/exodo-prelocacao-en\/","title":{"rendered":"\u00caxodo PreLoca\u00e7\u00e3o (Exodus PreLoca\u00e7\u00e3o)"},"content":{"rendered":"<p style=\"text-align: center;\">\n<p>&nbsp;<\/p>\n<p style=\"text-align: center;\"><a href=\"https:\/\/alexandrefrangioni.com.br\/wp-content\/uploads\/Exodo-1-2.jpg\"><img decoding=\"async\" class=\"aligncenter size-600 wp-image-2576\" src=\"https:\/\/alexandrefrangioni.com.br\/wp-content\/uploads\/\/Exodo-1-2-600x746.jpg\" alt=\"\" width=\"600\" height=\"746\" srcset=\"https:\/\/alexandrefrangioni.com.br\/wp-content\/uploads\/Exodo-1-2-200x249.jpg 200w, https:\/\/alexandrefrangioni.com.br\/wp-content\/uploads\/Exodo-1-2-400x497.jpg 400w, https:\/\/alexandrefrangioni.com.br\/wp-content\/uploads\/Exodo-1-2-483x600.jpg 483w, https:\/\/alexandrefrangioni.com.br\/wp-content\/uploads\/Exodo-1-2-600x746.jpg 600w, https:\/\/alexandrefrangioni.com.br\/wp-content\/uploads\/Exodo-1-2-768x955.jpg 768w, https:\/\/alexandrefrangioni.com.br\/wp-content\/uploads\/Exodo-1-2-800x995.jpg 800w, https:\/\/alexandrefrangioni.com.br\/wp-content\/uploads\/Exodo-1-2-823x1024.jpg 823w, https:\/\/alexandrefrangioni.com.br\/wp-content\/uploads\/Exodo-1-2.jpg 965w\" sizes=\"(max-width: 600px) 100vw, 600px\" \/><\/a><\/p>\n<p>&nbsp;<\/p>\n<p style=\"text-align: center;\"><a href=\"https:\/\/alexandrefrangioni.com.br\/wp-content\/uploads\/Exodo-2-2.jpg\"><img decoding=\"async\" class=\"aligncenter size-600 wp-image-2578\" src=\"https:\/\/alexandrefrangioni.com.br\/wp-content\/uploads\/\/Exodo-2-2-600x800.jpg\" alt=\"\" width=\"600\" height=\"800\" srcset=\"https:\/\/alexandrefrangioni.com.br\/wp-content\/uploads\/Exodo-2-2-200x267.jpg 200w, https:\/\/alexandrefrangioni.com.br\/wp-content\/uploads\/Exodo-2-2-400x533.jpg 400w, https:\/\/alexandrefrangioni.com.br\/wp-content\/uploads\/Exodo-2-2-450x600.jpg 450w, https:\/\/alexandrefrangioni.com.br\/wp-content\/uploads\/Exodo-2-2-600x800.jpg 600w, https:\/\/alexandrefrangioni.com.br\/wp-content\/uploads\/Exodo-2-2-768x1024.jpg 768w, https:\/\/alexandrefrangioni.com.br\/wp-content\/uploads\/Exodo-2-2-800x1067.jpg 800w, https:\/\/alexandrefrangioni.com.br\/wp-content\/uploads\/Exodo-2-2.jpg 900w\" sizes=\"(max-width: 600px) 100vw, 600px\" \/><\/a><\/p>\n<p>&nbsp;<\/p>\n<p style=\"text-align: center;\"><a href=\"https:\/\/alexandrefrangioni.com.br\/wp-content\/uploads\/Exodo-3-2.jpg\"><img decoding=\"async\" class=\"aligncenter size-600 wp-image-2580\" src=\"https:\/\/alexandrefrangioni.com.br\/wp-content\/uploads\/\/Exodo-3-2-600x338.jpg\" alt=\"\" width=\"600\" height=\"338\" srcset=\"https:\/\/alexandrefrangioni.com.br\/wp-content\/uploads\/Exodo-3-2-200x113.jpg 200w, https:\/\/alexandrefrangioni.com.br\/wp-content\/uploads\/Exodo-3-2-400x225.jpg 400w, https:\/\/alexandrefrangioni.com.br\/wp-content\/uploads\/Exodo-3-2-600x338.jpg 600w, https:\/\/alexandrefrangioni.com.br\/wp-content\/uploads\/Exodo-3-2-768x432.jpg 768w, https:\/\/alexandrefrangioni.com.br\/wp-content\/uploads\/Exodo-3-2-800x450.jpg 800w, https:\/\/alexandrefrangioni.com.br\/wp-content\/uploads\/Exodo-3-2-1024x576.jpg 1024w, https:\/\/alexandrefrangioni.com.br\/wp-content\/uploads\/Exodo-3-2.jpg 1200w\" sizes=\"(max-width: 600px) 100vw, 600px\" \/><\/a><\/p>\n","protected":false},"excerpt":{"rendered":"<p>&nbsp; &nbsp; &nbsp;<\/p>\n","protected":false},"author":98,"featured_media":0,"parent":1941,"menu_order":0,"comment_status":"closed","ping_status":"closed","template":"","meta":{"footnotes":""},"class_list":["post-2507","page","type-page","status-publish","hentry"],"_links":{"self":[{"href":"https:\/\/alexandrefrangioni.com.br\/en\/wp-json\/wp\/v2\/pages\/2507","targetHints":{"allow":["GET"]}}],"collection":[{"href":"https:\/\/alexandrefrangioni.com.br\/en\/wp-json\/wp\/v2\/pages"}],"about":[{"href":"https:\/\/alexandrefrangioni.com.br\/en\/wp-json\/wp\/v2\/types\/page"}],"author":[{"embeddable":true,"href":"https:\/\/alexandrefrangioni.com.br\/en\/wp-json\/wp\/v2\/users\/98"}],"replies":[{"embeddable":true,"href":"https:\/\/alexandrefrangioni.com.br\/en\/wp-json\/wp\/v2\/comments?post=2507"}],"version-history":[{"count":4,"href":"https:\/\/alexandrefrangioni.com.br\/en\/wp-json\/wp\/v2\/pages\/2507\/revisions"}],"predecessor-version":[{"id":3697,"href":"https:\/\/alexandrefrangioni.com.br\/en\/wp-json\/wp\/v2\/pages\/2507\/revisions\/3697"}],"up":[{"embeddable":true,"href":"https:\/\/alexandrefrangioni.com.br\/en\/wp-json\/wp\/v2\/pages\/1941"}],"wp:attachment":[{"href":"https:\/\/alexandrefrangioni.com.br\/en\/wp-json\/wp\/v2\/media?parent=2507"}],"curies":[{"name":"wp","href":"https:\/\/api.w.org\/{rel}","templated":true}]}}