{"id":2804,"date":"2019-09-08T19:39:05","date_gmt":"2019-09-08T22:39:05","guid":{"rendered":"https:\/\/alexandrefrangioni.com.br\/?page_id=2804"},"modified":"2020-09-17T13:32:49","modified_gmt":"2020-09-17T16:32:49","slug":"exhibition-prelocacao-sao-paulo-2016","status":"publish","type":"page","link":"https:\/\/alexandrefrangioni.com.br\/en\/exhibitions\/exhibition-prelocacao-sao-paulo-2016\/","title":{"rendered":"#PreLoca\u00e7\u00e3o (2016)"},"content":{"rendered":"<h2 style=\"text-align: center;\">Exhibition #PreLoca\u00e7\u00e3o<\/h2>\n<h2 style=\"text-align: center;\">S\u00e3o Paulo &#8211; 2016<\/h2>\n<h3 style=\"text-align: center;\">April 16th &#8211; 17th, 2016<\/h3>\n<p>#PreLoca\u00e7\u00e3o [PreLocation] is a two days art event. The first day, April 16<sup>th<\/sup>, lasted for 12 (twelve) hours and, on April 17<sup>th<\/sup>, seven hours. On the occasion, it was presented an exhibition of Visual Arts composed of 17 artists, in addition to live music and DJ.<\/p>\n<p>For the show, it was proposed to the artists that they appropriated the rooms of the house with their poetics, starting from the challenge imposed by its own singular space, incorporating all the features of the place, which was in a period and state of pre-location.<\/p>\n<p>&nbsp;<\/p>\n<p>The artwork \u201c\u00caxodo\u201d [Exodus] (2016) explores the idea of values in contemporary societies, from the monetary point of view, involving forms of accumulation and transformation. The intention is to reveal their paths and impacts within these societies, thus opening space for reflection on what are these values that exist today and how they have changed over time.<\/p>\n<p>&nbsp;<\/p>\n<p><a href=\"https:\/\/alexandrefrangioni.com.br\/wp-content\/uploads\/Exodo-II-Prelocacao-1-.jpg\"><img decoding=\"async\" class=\"aligncenter size-600 wp-image-2716\" src=\"https:\/\/alexandrefrangioni.com.br\/wp-content\/uploads\/\/Exodo-II-Prelocacao-1--600x747.jpg\" alt=\"\" width=\"600\" height=\"747\" srcset=\"https:\/\/alexandrefrangioni.com.br\/wp-content\/uploads\/Exodo-II-Prelocacao-1--200x249.jpg 200w, https:\/\/alexandrefrangioni.com.br\/wp-content\/uploads\/Exodo-II-Prelocacao-1--400x498.jpg 400w, https:\/\/alexandrefrangioni.com.br\/wp-content\/uploads\/Exodo-II-Prelocacao-1--482x600.jpg 482w, https:\/\/alexandrefrangioni.com.br\/wp-content\/uploads\/Exodo-II-Prelocacao-1--600x747.jpg 600w, https:\/\/alexandrefrangioni.com.br\/wp-content\/uploads\/Exodo-II-Prelocacao-1-.jpg 643w\" sizes=\"(max-width: 600px) 100vw, 600px\" \/><\/a><\/p>\n<p>&nbsp;<\/p>\n<p><a href=\"https:\/\/alexandrefrangioni.com.br\/wp-content\/uploads\/Exodo-II-Prelocacao-3.jpg\"><img decoding=\"async\" class=\"aligncenter size-600 wp-image-2720\" src=\"https:\/\/alexandrefrangioni.com.br\/wp-content\/uploads\/\/Exodo-II-Prelocacao-3-600x800.jpg\" alt=\"\" width=\"600\" height=\"800\" srcset=\"https:\/\/alexandrefrangioni.com.br\/wp-content\/uploads\/Exodo-II-Prelocacao-3-200x267.jpg 200w, https:\/\/alexandrefrangioni.com.br\/wp-content\/uploads\/Exodo-II-Prelocacao-3-400x533.jpg 400w, https:\/\/alexandrefrangioni.com.br\/wp-content\/uploads\/Exodo-II-Prelocacao-3-450x600.jpg 450w, https:\/\/alexandrefrangioni.com.br\/wp-content\/uploads\/Exodo-II-Prelocacao-3.jpg 600w\" sizes=\"(max-width: 600px) 100vw, 600px\" \/><\/a><\/p>\n<p>&nbsp;<\/p>\n<p><a href=\"https:\/\/alexandrefrangioni.com.br\/wp-content\/uploads\/Exodo-II-Prelocacao-2.jpg\"><img decoding=\"async\" class=\"aligncenter size-600 wp-image-2718\" src=\"https:\/\/alexandrefrangioni.com.br\/wp-content\/uploads\/\/Exodo-II-Prelocacao-2-600x338.jpg\" alt=\"\" width=\"600\" height=\"338\" srcset=\"https:\/\/alexandrefrangioni.com.br\/wp-content\/uploads\/Exodo-II-Prelocacao-2-200x113.jpg 200w, https:\/\/alexandrefrangioni.com.br\/wp-content\/uploads\/Exodo-II-Prelocacao-2-400x225.jpg 400w, https:\/\/alexandrefrangioni.com.br\/wp-content\/uploads\/Exodo-II-Prelocacao-2-600x338.jpg 600w, https:\/\/alexandrefrangioni.com.br\/wp-content\/uploads\/Exodo-II-Prelocacao-2-768x432.jpg 768w, https:\/\/alexandrefrangioni.com.br\/wp-content\/uploads\/Exodo-II-Prelocacao-2.jpg 800w\" sizes=\"(max-width: 600px) 100vw, 600px\" \/><\/a><br \/>\n<a href=\"https:\/\/alexandrefrangioni.com.br\/wp-content\/uploads\/catalogo-prelocacao-A4.pdf\">Catalog prelocacao A4<\/a><\/p>\n","protected":false},"excerpt":{"rendered":"<p>Exhibition #PreLoca\u00e7\u00e3o S\u00e3o Paulo &#8211; 2016 April 16th &#8211; 17th,  [&#8230;]<\/p>\n","protected":false},"author":98,"featured_media":0,"parent":1936,"menu_order":0,"comment_status":"closed","ping_status":"closed","template":"","meta":{"footnotes":""},"class_list":["post-2804","page","type-page","status-publish","hentry"],"_links":{"self":[{"href":"https:\/\/alexandrefrangioni.com.br\/en\/wp-json\/wp\/v2\/pages\/2804","targetHints":{"allow":["GET"]}}],"collection":[{"href":"https:\/\/alexandrefrangioni.com.br\/en\/wp-json\/wp\/v2\/pages"}],"about":[{"href":"https:\/\/alexandrefrangioni.com.br\/en\/wp-json\/wp\/v2\/types\/page"}],"author":[{"embeddable":true,"href":"https:\/\/alexandrefrangioni.com.br\/en\/wp-json\/wp\/v2\/users\/98"}],"replies":[{"embeddable":true,"href":"https:\/\/alexandrefrangioni.com.br\/en\/wp-json\/wp\/v2\/comments?post=2804"}],"version-history":[{"count":11,"href":"https:\/\/alexandrefrangioni.com.br\/en\/wp-json\/wp\/v2\/pages\/2804\/revisions"}],"predecessor-version":[{"id":3816,"href":"https:\/\/alexandrefrangioni.com.br\/en\/wp-json\/wp\/v2\/pages\/2804\/revisions\/3816"}],"up":[{"embeddable":true,"href":"https:\/\/alexandrefrangioni.com.br\/en\/wp-json\/wp\/v2\/pages\/1936"}],"wp:attachment":[{"href":"https:\/\/alexandrefrangioni.com.br\/en\/wp-json\/wp\/v2\/media?parent=2804"}],"curies":[{"name":"wp","href":"https:\/\/api.w.org\/{rel}","templated":true}]}}