{"id":3246,"date":"2019-11-29T13:57:56","date_gmt":"2019-11-29T16:57:56","guid":{"rendered":"https:\/\/alexandrefrangioni.com.br\/?page_id=3246"},"modified":"2024-11-19T12:40:21","modified_gmt":"2024-11-19T15:40:21","slug":"exhibition-3d-sao-caetano-2018","status":"publish","type":"page","link":"https:\/\/alexandrefrangioni.com.br\/en\/exhibitions\/exhibition-3d-sao-caetano-2018\/","title":{"rendered":"Exhibition &#8211; 3D S\u00e3o Caetano (2018)"},"content":{"rendered":"<p>&nbsp;<\/p>\n<p>Born from a partnership between the Pr\u00f3-Mem\u00f3ria Foundation of S\u00e3o Caetano do Sul, the Pinacoteca Municipal, and the Art Office, this exhibition brings together a group show of works by eight artists, who explore poetic and subtle aspects, playing with materials, forms, space, and imagination.<\/p>\n<p>They invite and challenge visitors to adopt a provocative and stimulating stance in perceiving the objects and characters, aiming to establish a dialogue and allowing oneself to be led by what is hidden and meant to be revealed.<\/p>\n<p>Fabiana Cavalcante and Nair Duarte<\/p>\n<p>CURATORS<\/p>\n<p><a href=\"https:\/\/alexandrefrangioni.com.br\/wp-content\/uploads\/\/1.-Expo-3D-600x503.jpg\"><img decoding=\"async\" class=\"size-medium wp-image-3228 aligncenter\" src=\"https:\/\/alexandrefrangioni.com.br\/wp-content\/uploads\/\/1.-Expo-3D-600x503.jpg\" alt=\"\" width=\"600\" height=\"503\" srcset=\"https:\/\/alexandrefrangioni.com.br\/wp-content\/uploads\/1.-Expo-3D-200x168.jpg 200w, https:\/\/alexandrefrangioni.com.br\/wp-content\/uploads\/1.-Expo-3D-400x336.jpg 400w, https:\/\/alexandrefrangioni.com.br\/wp-content\/uploads\/1.-Expo-3D-600x503.jpg 600w, https:\/\/alexandrefrangioni.com.br\/wp-content\/uploads\/1.-Expo-3D-768x644.jpg 768w, https:\/\/alexandrefrangioni.com.br\/wp-content\/uploads\/1.-Expo-3D.jpg 800w\" sizes=\"(max-width: 600px) 100vw, 600px\" \/><\/a><\/p>\n<p>&nbsp;<\/p>\n<p><a href=\"https:\/\/alexandrefrangioni.com.br\/wp-content\/uploads\/\/2.-Expo-3D-600x450.jpg\"><img decoding=\"async\" class=\"size-medium wp-image-3230 aligncenter\" src=\"https:\/\/alexandrefrangioni.com.br\/wp-content\/uploads\/\/2.-Expo-3D-600x450.jpg\" alt=\"\" width=\"600\" height=\"450\" srcset=\"https:\/\/alexandrefrangioni.com.br\/wp-content\/uploads\/2.-Expo-3D-200x150.jpg 200w, https:\/\/alexandrefrangioni.com.br\/wp-content\/uploads\/2.-Expo-3D-400x300.jpg 400w, https:\/\/alexandrefrangioni.com.br\/wp-content\/uploads\/2.-Expo-3D-600x450.jpg 600w, https:\/\/alexandrefrangioni.com.br\/wp-content\/uploads\/2.-Expo-3D-768x576.jpg 768w, https:\/\/alexandrefrangioni.com.br\/wp-content\/uploads\/2.-Expo-3D.jpg 800w\" sizes=\"(max-width: 600px) 100vw, 600px\" \/><\/a><\/p>\n<p>&nbsp;<\/p>\n<p><a href=\"https:\/\/alexandrefrangioni.com.br\/wp-content\/uploads\/\/3.-Expo-3D-600x600.jpg\"><img decoding=\"async\" class=\"size-600 wp-image-3232 aligncenter\" src=\"https:\/\/alexandrefrangioni.com.br\/wp-content\/uploads\/\/3.-Expo-3D-600x600.jpg\" alt=\"\" width=\"600\" height=\"600\" srcset=\"https:\/\/alexandrefrangioni.com.br\/wp-content\/uploads\/3.-Expo-3D-66x66.jpg 66w, https:\/\/alexandrefrangioni.com.br\/wp-content\/uploads\/3.-Expo-3D-150x150.jpg 150w, https:\/\/alexandrefrangioni.com.br\/wp-content\/uploads\/3.-Expo-3D-200x200.jpg 200w, https:\/\/alexandrefrangioni.com.br\/wp-content\/uploads\/3.-Expo-3D-400x400.jpg 400w, https:\/\/alexandrefrangioni.com.br\/wp-content\/uploads\/3.-Expo-3D-600x600.jpg 600w, https:\/\/alexandrefrangioni.com.br\/wp-content\/uploads\/3.-Expo-3D-768x768.jpg 768w, https:\/\/alexandrefrangioni.com.br\/wp-content\/uploads\/3.-Expo-3D.jpg 800w\" sizes=\"(max-width: 600px) 100vw, 600px\" \/><\/a><\/p>\n<p>&nbsp;<\/p>\n<p>&nbsp;<\/p>\n","protected":false},"excerpt":{"rendered":"<p>&nbsp; Born from a partnership between the Pr\u00f3-Mem\u00f3ria Foundation of  [&#8230;]<\/p>\n","protected":false},"author":99,"featured_media":0,"parent":1936,"menu_order":0,"comment_status":"closed","ping_status":"closed","template":"","meta":{"footnotes":""},"class_list":["post-3246","page","type-page","status-publish","hentry"],"_links":{"self":[{"href":"https:\/\/alexandrefrangioni.com.br\/en\/wp-json\/wp\/v2\/pages\/3246","targetHints":{"allow":["GET"]}}],"collection":[{"href":"https:\/\/alexandrefrangioni.com.br\/en\/wp-json\/wp\/v2\/pages"}],"about":[{"href":"https:\/\/alexandrefrangioni.com.br\/en\/wp-json\/wp\/v2\/types\/page"}],"author":[{"embeddable":true,"href":"https:\/\/alexandrefrangioni.com.br\/en\/wp-json\/wp\/v2\/users\/99"}],"replies":[{"embeddable":true,"href":"https:\/\/alexandrefrangioni.com.br\/en\/wp-json\/wp\/v2\/comments?post=3246"}],"version-history":[{"count":4,"href":"https:\/\/alexandrefrangioni.com.br\/en\/wp-json\/wp\/v2\/pages\/3246\/revisions"}],"predecessor-version":[{"id":6420,"href":"https:\/\/alexandrefrangioni.com.br\/en\/wp-json\/wp\/v2\/pages\/3246\/revisions\/6420"}],"up":[{"embeddable":true,"href":"https:\/\/alexandrefrangioni.com.br\/en\/wp-json\/wp\/v2\/pages\/1936"}],"wp:attachment":[{"href":"https:\/\/alexandrefrangioni.com.br\/en\/wp-json\/wp\/v2\/media?parent=3246"}],"curies":[{"name":"wp","href":"https:\/\/api.w.org\/{rel}","templated":true}]}}