{"id":4471,"date":"2021-08-24T15:04:47","date_gmt":"2021-08-24T18:04:47","guid":{"rendered":"https:\/\/alexandrefrangioni.com.br\/?page_id=4471"},"modified":"2021-12-06T15:45:09","modified_gmt":"2021-12-06T17:45:09","slug":"new-york-tribeca-2019","status":"publish","type":"page","link":"https:\/\/alexandrefrangioni.com.br\/en\/new-york-tribeca-2019\/","title":{"rendered":"New York &#8211; Tribeca (2019)"},"content":{"rendered":"<h2 style=\"text-align: center;\">Exodus<\/h2>\n<h3 style=\"text-align: center;\">Presented by South Art Dealer<\/h3>\n<p style=\"text-align: center;\"><strong>September, 2019<\/strong><\/p>\n<div class=\"accordian fusion-accordian\" style=\"--awb-border-size:1px;--awb-icon-size:13px;--awb-content-font-size:18px;--awb-icon-alignment:left;--awb-hover-color:#f9f9f9;--awb-border-color:#cccccc;--awb-background-color:#ffffff;--awb-divider-color:#e0dede;--awb-divider-hover-color:#e0dede;--awb-icon-color:#ffffff;--awb-title-color:#e00300;--awb-content-color:#000000;--awb-icon-box-color:#333333;--awb-toggle-hover-accent-color:#9e9e9e;--awb-title-font-family:&quot;Lato&quot;;--awb-title-font-weight:300;--awb-title-font-style:normal;--awb-title-line-height:1.5;--awb-content-font-family:&quot;Lato&quot;;--awb-content-font-style:normal;--awb-content-font-weight:300;\"><div class=\"panel-group fusion-toggle-icon-boxed\" id=\"accordion-4471-1\"><div class=\"fusion-panel panel-default panel-b0e358f86861c6a24 fusion-toggle-has-divider\"><div class=\"panel-heading\"><h4 class=\"panel-title toggle\" id=\"toggle_b0e358f86861c6a24\"><a aria-expanded=\"false\" aria-controls=\"b0e358f86861c6a24\" role=\"button\" data-toggle=\"collapse\" data-target=\"#b0e358f86861c6a24\" href=\"#b0e358f86861c6a24\"><span class=\"fusion-toggle-icon-wrapper\" aria-hidden=\"true\"><i class=\"fa-fusion-box active-icon awb-icon-minus\" aria-hidden=\"true\"><\/i><i class=\"fa-fusion-box inactive-icon awb-icon-plus\" aria-hidden=\"true\"><\/i><\/span><span class=\"fusion-toggle-heading\">Curadoria : Carly Aguilera<\/span><\/a><\/h4><\/div><div id=\"b0e358f86861c6a24\" class=\"panel-collapse collapse \" aria-labelledby=\"toggle_b0e358f86861c6a24\"><div class=\"panel-body toggle-content fusion-clearfix\"><\/p>\n<p>Alexandre Frangioni builds connections between societies, their historical values and time, through memory. He uses ABS 3D printed materials, images and symbolic objects, which are direct and easy to identify. Through his work the artist discusses principles and how they become related as time goes by. For instance, with the partition of time, even though time continues uninterrupted.<\/p>\n<p>The \u201cExodus\u201d series presents artworks that explore the monetary values through their meanings of accumulation and transformation, revealing their ways taken and the impacts caused by society over time. The use of symbols, such as piggy banks and the Charging Bull, proposes to the society new ways of perception regarding financial stability and its possible risks caused by the capitalist culture and the so-called American way of life.<\/p>\n<p>The importance of the featured artworks goes beyond a simple proposal of three- dimensional objects. The skill by the artist challenges the observer to detect a concrete narrative as they seem to compose an impossible track that continuously instigates the spectator.<\/p>\n<p>Frangioni\u2019s vision is not just a position but it is especially an attitude in the face of the connections between memory, time, money and the real importance of the human being. Frangioni was born in 1967 in Sa\u0303o Paulo, Brazil where he currently lives and works. He graduated in Chemical Engineering in 1989 and began his career as a self-taught artist in 2005.<\/p>\n<p>Later he deepened his studies under the guidance of the artist Joao Carlos de Souza.<\/p>\n<p>Since 2016, Frangioni takes part in international art fairs in USA, Brazil, Argentina and Peru. His works have also been featured in important museums around Brazil, such as Museu de Arte Contempor\u00e2nea de Ribeir\u00e3o Preto (MARP), Museu du Arte de Goiania (MAG), Museu de Arte Contempor\u00e2nea do Mato Grosso do Sul (MARCO) and Museu de Arte Contempor\u00e2nea du Blumenau (MAB). Others include, Museu Luiz Sacilotto em Santo Andre Casa do Olhar, Museu de Arte Contempor\u00e2nea de Jata\u00ed (MAC JATA\u00cd) and Pinacoteca Benedito Calixto (Santos).<\/p>\n<p>May 2-5 2019 his work was featured at ART New York, as well as some alternative shows, like \u201cPrelocac\u0327ao\u201d and \u201co desejo do outro\u201d, both in Sao Paulo. His works are part of private and public collections, such as AAL \u2013 Arte Al Limite, Museu de Arte Contempor\u00e2nea de Campo Grande and Renata de Paula.<\/p>\n<p><\/div><\/div><\/div><\/div><\/div>\n<p>&nbsp;<\/p>\n<p><img decoding=\"async\" class=\"aligncenter size-medium wp-image-4428\" src=\"https:\/\/alexandrefrangioni.com.br\/wp-content\/uploads\/\/2019-Exodus-NY-Tribeca-87-600x450.jpg\" alt=\"fachada da exposi\u00e7\u00e3o \" width=\"600\" height=\"450\" srcset=\"https:\/\/alexandrefrangioni.com.br\/wp-content\/uploads\/2019-Exodus-NY-Tribeca-87-200x150.jpg 200w, https:\/\/alexandrefrangioni.com.br\/wp-content\/uploads\/2019-Exodus-NY-Tribeca-87-400x300.jpg 400w, https:\/\/alexandrefrangioni.com.br\/wp-content\/uploads\/2019-Exodus-NY-Tribeca-87-600x450.jpg 600w, https:\/\/alexandrefrangioni.com.br\/wp-content\/uploads\/2019-Exodus-NY-Tribeca-87-768x576.jpg 768w, https:\/\/alexandrefrangioni.com.br\/wp-content\/uploads\/2019-Exodus-NY-Tribeca-87-800x600.jpg 800w, https:\/\/alexandrefrangioni.com.br\/wp-content\/uploads\/2019-Exodus-NY-Tribeca-87-1024x768.jpg 1024w, https:\/\/alexandrefrangioni.com.br\/wp-content\/uploads\/2019-Exodus-NY-Tribeca-87.jpg 1200w\" sizes=\"(max-width: 600px) 100vw, 600px\" \/><\/p>\n<p><a href=\"https:\/\/alexandrefrangioni.com.br\/wp-content\/uploads\/Alexandre-Frangioni-2019-Exodus-NY-Tribeca-78.jpg\"><img decoding=\"async\" class=\"aligncenter size-medium wp-image-4450\" src=\"https:\/\/alexandrefrangioni.com.br\/wp-content\/uploads\/\/Alexandre-Frangioni-2019-Exodus-NY-Tribeca-78-600x450.jpg\" alt=\"\" width=\"600\" height=\"450\" srcset=\"https:\/\/alexandrefrangioni.com.br\/wp-content\/uploads\/Alexandre-Frangioni-2019-Exodus-NY-Tribeca-78-200x150.jpg 200w, https:\/\/alexandrefrangioni.com.br\/wp-content\/uploads\/Alexandre-Frangioni-2019-Exodus-NY-Tribeca-78-400x300.jpg 400w, https:\/\/alexandrefrangioni.com.br\/wp-content\/uploads\/Alexandre-Frangioni-2019-Exodus-NY-Tribeca-78-600x450.jpg 600w, https:\/\/alexandrefrangioni.com.br\/wp-content\/uploads\/Alexandre-Frangioni-2019-Exodus-NY-Tribeca-78-768x576.jpg 768w, https:\/\/alexandrefrangioni.com.br\/wp-content\/uploads\/Alexandre-Frangioni-2019-Exodus-NY-Tribeca-78-800x600.jpg 800w, https:\/\/alexandrefrangioni.com.br\/wp-content\/uploads\/Alexandre-Frangioni-2019-Exodus-NY-Tribeca-78-1024x768.jpg 1024w, https:\/\/alexandrefrangioni.com.br\/wp-content\/uploads\/Alexandre-Frangioni-2019-Exodus-NY-Tribeca-78.jpg 1200w\" sizes=\"(max-width: 600px) 100vw, 600px\" \/><\/a><br \/>\n<img decoding=\"async\" class=\"aligncenter size-medium wp-image-4436\" src=\"https:\/\/alexandrefrangioni.com.br\/wp-content\/uploads\/\/2019-Exodus-NY-Tribeca-70-600x450.jpg\" alt=\"\" width=\"600\" height=\"450\" srcset=\"https:\/\/alexandrefrangioni.com.br\/wp-content\/uploads\/2019-Exodus-NY-Tribeca-70-200x150.jpg 200w, https:\/\/alexandrefrangioni.com.br\/wp-content\/uploads\/2019-Exodus-NY-Tribeca-70-400x300.jpg 400w, https:\/\/alexandrefrangioni.com.br\/wp-content\/uploads\/2019-Exodus-NY-Tribeca-70-600x450.jpg 600w, https:\/\/alexandrefrangioni.com.br\/wp-content\/uploads\/2019-Exodus-NY-Tribeca-70-768x576.jpg 768w, https:\/\/alexandrefrangioni.com.br\/wp-content\/uploads\/2019-Exodus-NY-Tribeca-70-800x600.jpg 800w, https:\/\/alexandrefrangioni.com.br\/wp-content\/uploads\/2019-Exodus-NY-Tribeca-70-1024x768.jpg 1024w, https:\/\/alexandrefrangioni.com.br\/wp-content\/uploads\/2019-Exodus-NY-Tribeca-70.jpg 1200w\" sizes=\"(max-width: 600px) 100vw, 600px\" \/><\/p>\n<p><img decoding=\"async\" class=\"aligncenter size-medium wp-image-4440\" src=\"https:\/\/alexandrefrangioni.com.br\/wp-content\/uploads\/\/2019-Exodus-NY-Tribeca-67-600x450.jpg\" alt=\"\" width=\"600\" height=\"450\" srcset=\"https:\/\/alexandrefrangioni.com.br\/wp-content\/uploads\/2019-Exodus-NY-Tribeca-67-200x150.jpg 200w, https:\/\/alexandrefrangioni.com.br\/wp-content\/uploads\/2019-Exodus-NY-Tribeca-67-400x300.jpg 400w, https:\/\/alexandrefrangioni.com.br\/wp-content\/uploads\/2019-Exodus-NY-Tribeca-67-600x450.jpg 600w, https:\/\/alexandrefrangioni.com.br\/wp-content\/uploads\/2019-Exodus-NY-Tribeca-67-768x576.jpg 768w, https:\/\/alexandrefrangioni.com.br\/wp-content\/uploads\/2019-Exodus-NY-Tribeca-67-800x600.jpg 800w, https:\/\/alexandrefrangioni.com.br\/wp-content\/uploads\/2019-Exodus-NY-Tribeca-67-1024x768.jpg 1024w, https:\/\/alexandrefrangioni.com.br\/wp-content\/uploads\/2019-Exodus-NY-Tribeca-67.jpg 1200w\" sizes=\"(max-width: 600px) 100vw, 600px\" \/><\/p>\n<p><img decoding=\"async\" class=\"aligncenter size-medium wp-image-4438\" src=\"https:\/\/alexandrefrangioni.com.br\/wp-content\/uploads\/\/2019-Exodus-NY-Tribeca-69-600x450.jpg\" alt=\"\" width=\"600\" height=\"450\" srcset=\"https:\/\/alexandrefrangioni.com.br\/wp-content\/uploads\/2019-Exodus-NY-Tribeca-69-200x150.jpg 200w, https:\/\/alexandrefrangioni.com.br\/wp-content\/uploads\/2019-Exodus-NY-Tribeca-69-400x300.jpg 400w, https:\/\/alexandrefrangioni.com.br\/wp-content\/uploads\/2019-Exodus-NY-Tribeca-69-600x450.jpg 600w, https:\/\/alexandrefrangioni.com.br\/wp-content\/uploads\/2019-Exodus-NY-Tribeca-69-768x576.jpg 768w, https:\/\/alexandrefrangioni.com.br\/wp-content\/uploads\/2019-Exodus-NY-Tribeca-69-800x600.jpg 800w, https:\/\/alexandrefrangioni.com.br\/wp-content\/uploads\/2019-Exodus-NY-Tribeca-69-1024x768.jpg 1024w, https:\/\/alexandrefrangioni.com.br\/wp-content\/uploads\/2019-Exodus-NY-Tribeca-69.jpg 1200w\" sizes=\"(max-width: 600px) 100vw, 600px\" \/><\/p>\n<p><img decoding=\"async\" class=\"aligncenter size-medium wp-image-4434\" src=\"https:\/\/alexandrefrangioni.com.br\/wp-content\/uploads\/\/2019-Exodus-NY-Tribeca-75-600x450.jpg\" alt=\"\" width=\"600\" height=\"450\" srcset=\"https:\/\/alexandrefrangioni.com.br\/wp-content\/uploads\/2019-Exodus-NY-Tribeca-75-200x150.jpg 200w, https:\/\/alexandrefrangioni.com.br\/wp-content\/uploads\/2019-Exodus-NY-Tribeca-75-400x300.jpg 400w, https:\/\/alexandrefrangioni.com.br\/wp-content\/uploads\/2019-Exodus-NY-Tribeca-75-600x450.jpg 600w, https:\/\/alexandrefrangioni.com.br\/wp-content\/uploads\/2019-Exodus-NY-Tribeca-75-768x576.jpg 768w, https:\/\/alexandrefrangioni.com.br\/wp-content\/uploads\/2019-Exodus-NY-Tribeca-75-800x600.jpg 800w, https:\/\/alexandrefrangioni.com.br\/wp-content\/uploads\/2019-Exodus-NY-Tribeca-75-1024x768.jpg 1024w, https:\/\/alexandrefrangioni.com.br\/wp-content\/uploads\/2019-Exodus-NY-Tribeca-75.jpg 1200w\" sizes=\"(max-width: 600px) 100vw, 600px\" \/><\/p>\n<p><img decoding=\"async\" class=\"aligncenter size-medium wp-image-4432\" src=\"https:\/\/alexandrefrangioni.com.br\/wp-content\/uploads\/\/2019-Exodus-NY-Tribeca-76-600x450.jpg\" alt=\"\" width=\"600\" height=\"450\" srcset=\"https:\/\/alexandrefrangioni.com.br\/wp-content\/uploads\/2019-Exodus-NY-Tribeca-76-200x150.jpg 200w, https:\/\/alexandrefrangioni.com.br\/wp-content\/uploads\/2019-Exodus-NY-Tribeca-76-400x300.jpg 400w, https:\/\/alexandrefrangioni.com.br\/wp-content\/uploads\/2019-Exodus-NY-Tribeca-76-600x450.jpg 600w, https:\/\/alexandrefrangioni.com.br\/wp-content\/uploads\/2019-Exodus-NY-Tribeca-76-768x576.jpg 768w, https:\/\/alexandrefrangioni.com.br\/wp-content\/uploads\/2019-Exodus-NY-Tribeca-76-800x600.jpg 800w, https:\/\/alexandrefrangioni.com.br\/wp-content\/uploads\/2019-Exodus-NY-Tribeca-76-1024x768.jpg 1024w, https:\/\/alexandrefrangioni.com.br\/wp-content\/uploads\/2019-Exodus-NY-Tribeca-76.jpg 1200w\" sizes=\"(max-width: 600px) 100vw, 600px\" \/><\/p>\n<p><img decoding=\"async\" class=\"aligncenter size-medium wp-image-4430\" src=\"https:\/\/alexandrefrangioni.com.br\/wp-content\/uploads\/\/2019-Exodus-NY-Tribeca-77-600x450.jpg\" alt=\"\" width=\"600\" height=\"450\" srcset=\"https:\/\/alexandrefrangioni.com.br\/wp-content\/uploads\/2019-Exodus-NY-Tribeca-77-200x150.jpg 200w, https:\/\/alexandrefrangioni.com.br\/wp-content\/uploads\/2019-Exodus-NY-Tribeca-77-400x300.jpg 400w, https:\/\/alexandrefrangioni.com.br\/wp-content\/uploads\/2019-Exodus-NY-Tribeca-77-600x450.jpg 600w, https:\/\/alexandrefrangioni.com.br\/wp-content\/uploads\/2019-Exodus-NY-Tribeca-77-768x576.jpg 768w, https:\/\/alexandrefrangioni.com.br\/wp-content\/uploads\/2019-Exodus-NY-Tribeca-77-800x600.jpg 800w, https:\/\/alexandrefrangioni.com.br\/wp-content\/uploads\/2019-Exodus-NY-Tribeca-77-1024x768.jpg 1024w, https:\/\/alexandrefrangioni.com.br\/wp-content\/uploads\/2019-Exodus-NY-Tribeca-77.jpg 1200w\" sizes=\"(max-width: 600px) 100vw, 600px\" \/><\/p>\n<p><img decoding=\"async\" class=\"aligncenter size-medium wp-image-4444\" src=\"https:\/\/alexandrefrangioni.com.br\/wp-content\/uploads\/\/2019-Exodus-NY-Tribeca-30-600x450.jpg\" alt=\"instala\u00e7\u00e3o Exodus \" width=\"600\" height=\"450\" srcset=\"https:\/\/alexandrefrangioni.com.br\/wp-content\/uploads\/2019-Exodus-NY-Tribeca-30-200x150.jpg 200w, https:\/\/alexandrefrangioni.com.br\/wp-content\/uploads\/2019-Exodus-NY-Tribeca-30-400x300.jpg 400w, https:\/\/alexandrefrangioni.com.br\/wp-content\/uploads\/2019-Exodus-NY-Tribeca-30-600x450.jpg 600w, https:\/\/alexandrefrangioni.com.br\/wp-content\/uploads\/2019-Exodus-NY-Tribeca-30-768x576.jpg 768w, https:\/\/alexandrefrangioni.com.br\/wp-content\/uploads\/2019-Exodus-NY-Tribeca-30-800x600.jpg 800w, https:\/\/alexandrefrangioni.com.br\/wp-content\/uploads\/2019-Exodus-NY-Tribeca-30-1024x768.jpg 1024w, https:\/\/alexandrefrangioni.com.br\/wp-content\/uploads\/2019-Exodus-NY-Tribeca-30.jpg 1200w\" sizes=\"(max-width: 600px) 100vw, 600px\" \/><\/p>\n<p><img decoding=\"async\" class=\"aligncenter size-medium wp-image-4446\" src=\"https:\/\/alexandrefrangioni.com.br\/wp-content\/uploads\/\/2019-Exodus-NY-Tribeca-27-600x450.jpg\" alt=\"detalhe da instala\u00e7\u00e3o\" width=\"600\" height=\"450\" srcset=\"https:\/\/alexandrefrangioni.com.br\/wp-content\/uploads\/2019-Exodus-NY-Tribeca-27-200x150.jpg 200w, https:\/\/alexandrefrangioni.com.br\/wp-content\/uploads\/2019-Exodus-NY-Tribeca-27-400x300.jpg 400w, https:\/\/alexandrefrangioni.com.br\/wp-content\/uploads\/2019-Exodus-NY-Tribeca-27-600x450.jpg 600w, https:\/\/alexandrefrangioni.com.br\/wp-content\/uploads\/2019-Exodus-NY-Tribeca-27-768x576.jpg 768w, https:\/\/alexandrefrangioni.com.br\/wp-content\/uploads\/2019-Exodus-NY-Tribeca-27-800x600.jpg 800w, https:\/\/alexandrefrangioni.com.br\/wp-content\/uploads\/2019-Exodus-NY-Tribeca-27-1024x768.jpg 1024w, https:\/\/alexandrefrangioni.com.br\/wp-content\/uploads\/2019-Exodus-NY-Tribeca-27.jpg 1200w\" sizes=\"(max-width: 600px) 100vw, 600px\" \/><\/p>\n<p><img decoding=\"async\" class=\"aligncenter size-medium wp-image-4442\" src=\"https:\/\/alexandrefrangioni.com.br\/wp-content\/uploads\/\/2019-Exodus-NY-Tribeca-31-600x450.jpg\" alt=\"AlexaAdetalhes da instala\u00e7\u00e3ondre Frangioni - 2019 Exodus - New York - Tribeca\" width=\"600\" height=\"450\" srcset=\"https:\/\/alexandrefrangioni.com.br\/wp-content\/uploads\/2019-Exodus-NY-Tribeca-31-200x150.jpg 200w, https:\/\/alexandrefrangioni.com.br\/wp-content\/uploads\/2019-Exodus-NY-Tribeca-31-400x300.jpg 400w, https:\/\/alexandrefrangioni.com.br\/wp-content\/uploads\/2019-Exodus-NY-Tribeca-31-600x450.jpg 600w, https:\/\/alexandrefrangioni.com.br\/wp-content\/uploads\/2019-Exodus-NY-Tribeca-31-768x576.jpg 768w, https:\/\/alexandrefrangioni.com.br\/wp-content\/uploads\/2019-Exodus-NY-Tribeca-31-800x600.jpg 800w, https:\/\/alexandrefrangioni.com.br\/wp-content\/uploads\/2019-Exodus-NY-Tribeca-31-1024x768.jpg 1024w, https:\/\/alexandrefrangioni.com.br\/wp-content\/uploads\/2019-Exodus-NY-Tribeca-31.jpg 1200w\" sizes=\"(max-width: 600px) 100vw, 600px\" \/><\/p>\n<p><img decoding=\"async\" class=\"aligncenter size-medium wp-image-4462\" src=\"https:\/\/alexandrefrangioni.com.br\/wp-content\/uploads\/\/Alexandre-Frangioni-2019-Exodus-NY-Tribeca-25-600x450.jpg\" alt=\"\" width=\"600\" height=\"450\" srcset=\"https:\/\/alexandrefrangioni.com.br\/wp-content\/uploads\/Alexandre-Frangioni-2019-Exodus-NY-Tribeca-25-200x150.jpg 200w, https:\/\/alexandrefrangioni.com.br\/wp-content\/uploads\/Alexandre-Frangioni-2019-Exodus-NY-Tribeca-25-400x300.jpg 400w, https:\/\/alexandrefrangioni.com.br\/wp-content\/uploads\/Alexandre-Frangioni-2019-Exodus-NY-Tribeca-25-600x450.jpg 600w, https:\/\/alexandrefrangioni.com.br\/wp-content\/uploads\/Alexandre-Frangioni-2019-Exodus-NY-Tribeca-25-768x576.jpg 768w, https:\/\/alexandrefrangioni.com.br\/wp-content\/uploads\/Alexandre-Frangioni-2019-Exodus-NY-Tribeca-25-800x600.jpg 800w, https:\/\/alexandrefrangioni.com.br\/wp-content\/uploads\/Alexandre-Frangioni-2019-Exodus-NY-Tribeca-25-1024x768.jpg 1024w, https:\/\/alexandrefrangioni.com.br\/wp-content\/uploads\/Alexandre-Frangioni-2019-Exodus-NY-Tribeca-25.jpg 1200w\" sizes=\"(max-width: 600px) 100vw, 600px\" \/><\/p>\n<p><img decoding=\"async\" class=\"aligncenter size-medium wp-image-4464\" src=\"https:\/\/alexandrefrangioni.com.br\/wp-content\/uploads\/\/Alexandre-Frangioni-2019-Exodus-NY-Tribeca-11-600x450.jpg\" alt=\"\" width=\"600\" height=\"450\" srcset=\"https:\/\/alexandrefrangioni.com.br\/wp-content\/uploads\/Alexandre-Frangioni-2019-Exodus-NY-Tribeca-11-200x150.jpg 200w, https:\/\/alexandrefrangioni.com.br\/wp-content\/uploads\/Alexandre-Frangioni-2019-Exodus-NY-Tribeca-11-400x300.jpg 400w, https:\/\/alexandrefrangioni.com.br\/wp-content\/uploads\/Alexandre-Frangioni-2019-Exodus-NY-Tribeca-11-600x450.jpg 600w, https:\/\/alexandrefrangioni.com.br\/wp-content\/uploads\/Alexandre-Frangioni-2019-Exodus-NY-Tribeca-11-768x576.jpg 768w, https:\/\/alexandrefrangioni.com.br\/wp-content\/uploads\/Alexandre-Frangioni-2019-Exodus-NY-Tribeca-11-800x600.jpg 800w, https:\/\/alexandrefrangioni.com.br\/wp-content\/uploads\/Alexandre-Frangioni-2019-Exodus-NY-Tribeca-11-1024x768.jpg 1024w, https:\/\/alexandrefrangioni.com.br\/wp-content\/uploads\/Alexandre-Frangioni-2019-Exodus-NY-Tribeca-11.jpg 1200w\" sizes=\"(max-width: 600px) 100vw, 600px\" \/><\/p>\n<p><img decoding=\"async\" class=\"aligncenter size-medium wp-image-4460\" src=\"https:\/\/alexandrefrangioni.com.br\/wp-content\/uploads\/\/Alexandre-Frangioni-2019-Exodus-NY-Tribeca-42-600x450.jpg\" alt=\"\" width=\"600\" height=\"450\" srcset=\"https:\/\/alexandrefrangioni.com.br\/wp-content\/uploads\/Alexandre-Frangioni-2019-Exodus-NY-Tribeca-42-200x150.jpg 200w, https:\/\/alexandrefrangioni.com.br\/wp-content\/uploads\/Alexandre-Frangioni-2019-Exodus-NY-Tribeca-42-400x300.jpg 400w, https:\/\/alexandrefrangioni.com.br\/wp-content\/uploads\/Alexandre-Frangioni-2019-Exodus-NY-Tribeca-42-600x450.jpg 600w, https:\/\/alexandrefrangioni.com.br\/wp-content\/uploads\/Alexandre-Frangioni-2019-Exodus-NY-Tribeca-42-768x576.jpg 768w, https:\/\/alexandrefrangioni.com.br\/wp-content\/uploads\/Alexandre-Frangioni-2019-Exodus-NY-Tribeca-42-800x600.jpg 800w, https:\/\/alexandrefrangioni.com.br\/wp-content\/uploads\/Alexandre-Frangioni-2019-Exodus-NY-Tribeca-42-1024x768.jpg 1024w, https:\/\/alexandrefrangioni.com.br\/wp-content\/uploads\/Alexandre-Frangioni-2019-Exodus-NY-Tribeca-42.jpg 1200w\" sizes=\"(max-width: 600px) 100vw, 600px\" \/><\/p>\n<p><img decoding=\"async\" class=\"aligncenter size-medium wp-image-4458\" src=\"https:\/\/alexandrefrangioni.com.br\/wp-content\/uploads\/\/Alexandre-Frangioni-2019-Exodus-NY-Tribeca-44-600x450.jpg\" alt=\"\" width=\"600\" height=\"450\" srcset=\"https:\/\/alexandrefrangioni.com.br\/wp-content\/uploads\/Alexandre-Frangioni-2019-Exodus-NY-Tribeca-44-200x150.jpg 200w, https:\/\/alexandrefrangioni.com.br\/wp-content\/uploads\/Alexandre-Frangioni-2019-Exodus-NY-Tribeca-44-400x300.jpg 400w, https:\/\/alexandrefrangioni.com.br\/wp-content\/uploads\/Alexandre-Frangioni-2019-Exodus-NY-Tribeca-44-600x450.jpg 600w, https:\/\/alexandrefrangioni.com.br\/wp-content\/uploads\/Alexandre-Frangioni-2019-Exodus-NY-Tribeca-44-768x576.jpg 768w, https:\/\/alexandrefrangioni.com.br\/wp-content\/uploads\/Alexandre-Frangioni-2019-Exodus-NY-Tribeca-44-800x600.jpg 800w, https:\/\/alexandrefrangioni.com.br\/wp-content\/uploads\/Alexandre-Frangioni-2019-Exodus-NY-Tribeca-44-1024x768.jpg 1024w, https:\/\/alexandrefrangioni.com.br\/wp-content\/uploads\/Alexandre-Frangioni-2019-Exodus-NY-Tribeca-44.jpg 1200w\" sizes=\"(max-width: 600px) 100vw, 600px\" \/><\/p>\n<p><img decoding=\"async\" class=\"aligncenter size-medium wp-image-4456\" src=\"https:\/\/alexandrefrangioni.com.br\/wp-content\/uploads\/\/Alexandre-Frangioni-2019-Exodus-NY-Tribeca-49-600x450.jpg\" alt=\"\" width=\"600\" height=\"450\" srcset=\"https:\/\/alexandrefrangioni.com.br\/wp-content\/uploads\/Alexandre-Frangioni-2019-Exodus-NY-Tribeca-49-200x150.jpg 200w, https:\/\/alexandrefrangioni.com.br\/wp-content\/uploads\/Alexandre-Frangioni-2019-Exodus-NY-Tribeca-49-400x300.jpg 400w, https:\/\/alexandrefrangioni.com.br\/wp-content\/uploads\/Alexandre-Frangioni-2019-Exodus-NY-Tribeca-49-600x450.jpg 600w, https:\/\/alexandrefrangioni.com.br\/wp-content\/uploads\/Alexandre-Frangioni-2019-Exodus-NY-Tribeca-49-768x576.jpg 768w, https:\/\/alexandrefrangioni.com.br\/wp-content\/uploads\/Alexandre-Frangioni-2019-Exodus-NY-Tribeca-49-800x600.jpg 800w, https:\/\/alexandrefrangioni.com.br\/wp-content\/uploads\/Alexandre-Frangioni-2019-Exodus-NY-Tribeca-49-1024x768.jpg 1024w, https:\/\/alexandrefrangioni.com.br\/wp-content\/uploads\/Alexandre-Frangioni-2019-Exodus-NY-Tribeca-49.jpg 1200w\" sizes=\"(max-width: 600px) 100vw, 600px\" \/><\/p>\n<p><img decoding=\"async\" class=\"aligncenter size-medium wp-image-4454\" src=\"https:\/\/alexandrefrangioni.com.br\/wp-content\/uploads\/\/Alexandre-Frangioni-2019-Exodus-NY-Tribeca-51-600x450.jpg\" alt=\"\" width=\"600\" height=\"450\" srcset=\"https:\/\/alexandrefrangioni.com.br\/wp-content\/uploads\/Alexandre-Frangioni-2019-Exodus-NY-Tribeca-51-200x150.jpg 200w, https:\/\/alexandrefrangioni.com.br\/wp-content\/uploads\/Alexandre-Frangioni-2019-Exodus-NY-Tribeca-51-400x300.jpg 400w, https:\/\/alexandrefrangioni.com.br\/wp-content\/uploads\/Alexandre-Frangioni-2019-Exodus-NY-Tribeca-51-600x450.jpg 600w, https:\/\/alexandrefrangioni.com.br\/wp-content\/uploads\/Alexandre-Frangioni-2019-Exodus-NY-Tribeca-51-768x576.jpg 768w, https:\/\/alexandrefrangioni.com.br\/wp-content\/uploads\/Alexandre-Frangioni-2019-Exodus-NY-Tribeca-51-800x600.jpg 800w, https:\/\/alexandrefrangioni.com.br\/wp-content\/uploads\/Alexandre-Frangioni-2019-Exodus-NY-Tribeca-51-1024x768.jpg 1024w, https:\/\/alexandrefrangioni.com.br\/wp-content\/uploads\/Alexandre-Frangioni-2019-Exodus-NY-Tribeca-51.jpg 1200w\" sizes=\"(max-width: 600px) 100vw, 600px\" \/><\/p>\n<p><img decoding=\"async\" class=\"aligncenter size-medium wp-image-4452\" src=\"https:\/\/alexandrefrangioni.com.br\/wp-content\/uploads\/\/Alexandre-Frangioni-2019-Exodus-NY-Tribeca-56-600x450.jpg\" alt=\"\" width=\"600\" height=\"450\" srcset=\"https:\/\/alexandrefrangioni.com.br\/wp-content\/uploads\/Alexandre-Frangioni-2019-Exodus-NY-Tribeca-56-200x150.jpg 200w, https:\/\/alexandrefrangioni.com.br\/wp-content\/uploads\/Alexandre-Frangioni-2019-Exodus-NY-Tribeca-56-400x300.jpg 400w, https:\/\/alexandrefrangioni.com.br\/wp-content\/uploads\/Alexandre-Frangioni-2019-Exodus-NY-Tribeca-56-600x450.jpg 600w, https:\/\/alexandrefrangioni.com.br\/wp-content\/uploads\/Alexandre-Frangioni-2019-Exodus-NY-Tribeca-56-768x576.jpg 768w, https:\/\/alexandrefrangioni.com.br\/wp-content\/uploads\/Alexandre-Frangioni-2019-Exodus-NY-Tribeca-56-800x600.jpg 800w, https:\/\/alexandrefrangioni.com.br\/wp-content\/uploads\/Alexandre-Frangioni-2019-Exodus-NY-Tribeca-56-1024x768.jpg 1024w, https:\/\/alexandrefrangioni.com.br\/wp-content\/uploads\/Alexandre-Frangioni-2019-Exodus-NY-Tribeca-56.jpg 1200w\" sizes=\"(max-width: 600px) 100vw, 600px\" \/><\/p>\n<p><img decoding=\"async\" class=\"aligncenter size-medium wp-image-4448\" src=\"https:\/\/alexandrefrangioni.com.br\/wp-content\/uploads\/\/Alexandre-Frangioni-2019-Exodus-NY-Tribeca-83-600x450.jpg\" alt=\"\" width=\"600\" height=\"450\" srcset=\"https:\/\/alexandrefrangioni.com.br\/wp-content\/uploads\/Alexandre-Frangioni-2019-Exodus-NY-Tribeca-83-200x150.jpg 200w, https:\/\/alexandrefrangioni.com.br\/wp-content\/uploads\/Alexandre-Frangioni-2019-Exodus-NY-Tribeca-83-400x300.jpg 400w, https:\/\/alexandrefrangioni.com.br\/wp-content\/uploads\/Alexandre-Frangioni-2019-Exodus-NY-Tribeca-83-600x450.jpg 600w, https:\/\/alexandrefrangioni.com.br\/wp-content\/uploads\/Alexandre-Frangioni-2019-Exodus-NY-Tribeca-83-768x576.jpg 768w, https:\/\/alexandrefrangioni.com.br\/wp-content\/uploads\/Alexandre-Frangioni-2019-Exodus-NY-Tribeca-83-800x600.jpg 800w, https:\/\/alexandrefrangioni.com.br\/wp-content\/uploads\/Alexandre-Frangioni-2019-Exodus-NY-Tribeca-83-1024x768.jpg 1024w, https:\/\/alexandrefrangioni.com.br\/wp-content\/uploads\/Alexandre-Frangioni-2019-Exodus-NY-Tribeca-83.jpg 1200w\" sizes=\"(max-width: 600px) 100vw, 600px\" \/><\/p>\n<p>&nbsp;<\/p>\n","protected":false},"excerpt":{"rendered":"<p>Exodus Presented by South Art Dealer September, 2019 &nbsp; &nbsp;<\/p>\n","protected":false},"author":96,"featured_media":0,"parent":0,"menu_order":0,"comment_status":"closed","ping_status":"closed","template":"","meta":{"footnotes":""},"class_list":["post-4471","page","type-page","status-publish","hentry"],"_links":{"self":[{"href":"https:\/\/alexandrefrangioni.com.br\/en\/wp-json\/wp\/v2\/pages\/4471","targetHints":{"allow":["GET"]}}],"collection":[{"href":"https:\/\/alexandrefrangioni.com.br\/en\/wp-json\/wp\/v2\/pages"}],"about":[{"href":"https:\/\/alexandrefrangioni.com.br\/en\/wp-json\/wp\/v2\/types\/page"}],"author":[{"embeddable":true,"href":"https:\/\/alexandrefrangioni.com.br\/en\/wp-json\/wp\/v2\/users\/96"}],"replies":[{"embeddable":true,"href":"https:\/\/alexandrefrangioni.com.br\/en\/wp-json\/wp\/v2\/comments?post=4471"}],"version-history":[{"count":6,"href":"https:\/\/alexandrefrangioni.com.br\/en\/wp-json\/wp\/v2\/pages\/4471\/revisions"}],"predecessor-version":[{"id":4594,"href":"https:\/\/alexandrefrangioni.com.br\/en\/wp-json\/wp\/v2\/pages\/4471\/revisions\/4594"}],"wp:attachment":[{"href":"https:\/\/alexandrefrangioni.com.br\/en\/wp-json\/wp\/v2\/media?parent=4471"}],"curies":[{"name":"wp","href":"https:\/\/api.w.org\/{rel}","templated":true}]}}